{"id":5690,"date":"2018-07-15T20:33:59","date_gmt":"2018-07-15T18:33:59","guid":{"rendered":"http:\/\/tdm.grupacreative.pl\/?page_id=5690"},"modified":"2022-06-12T17:19:32","modified_gmt":"2022-06-12T15:19:32","slug":"rodo","status":"publish","type":"page","link":"https:\/\/tdm-electronics.com\/en\/rodo\/","title":{"rendered":"Rodo"},"content":{"rendered":"<p>[vc_row full_width=&#8221;stretch_row&#8221; full_height=&#8221;yes&#8221; content_placement=&#8221;middle&#8221; css=&#8221;.vc_custom_1531856967925{background-image: url(http:\/\/tdm.grupacreative.pl\/wp-content\/uploads\/2018\/07\/header8.jpg?id=5767) !important;}&#8221;][vc_column width=&#8221;1\/6&#8243; offset=&#8221;vc_col-md-offset-3 vc_col-md-2 vc_col-sm-offset-2&#8243; align=&#8221;text-lg-center text-md-center text-sm-center text-xs-center&#8221;]\n<div class=\"icon-box ra_icon_box_69f4d21493cfe\"  id=\"ra_icon_box_69f4d21493cfe\">\n\n\t\t<span class=\"icon-container\"><\/span>\n\t\n\t<div class=\"contents\">\n\t\t\t\t<h3>Co to jest RODO?<\/h3>\t\t\t\t\t\t\n\t<\/div>\n<\/div>\n<style>.ra_button_69f4d21493f32 i{color:#ab832c;font-size:40px;margin-right:30px;}.ra_button_69f4d21493f32{color:#ab832c;font-weight:900 !important;}.ra_button_69f4d21493f32.btn-underlined:after,.ra_button_69f4d21493f32.btn-underlined:before{border-color:#ab832c;}.ra_button_69f4d21493f32:focus,.ra_button_69f4d21493f32:hover{color:#ab832c;}<\/style><a href=\"#rodo\" class=\"btn btn-underlined border-thin fix-v-align ra_button_69f4d21493f32\" >\n\t\t\t\t<span>\n\tCzytaj wi\u0119cej\t<\/span>\n<\/a>\n[\/vc_column][vc_column width=&#8221;1\/6&#8243; align=&#8221;text-lg-center text-md-center text-sm-center text-xs-center&#8221;]\n<div class=\"icon-box ra_icon_box_69f4d21494311\"  id=\"ra_icon_box_69f4d21494311\">\n\n\t\t<span class=\"icon-container\"><\/span>\n\t\n\t<div class=\"contents\">\n\t\t\t\t<h3>Obowi\u0105zek informacyjny<\/h3>\t\t\t\t\t\t\n\t<\/div>\n<\/div>\n<style>.ra_button_69f4d21494456 i{color:#ab832c;font-size:40px;margin-right:30px;}.ra_button_69f4d21494456{color:#ab832c;font-weight:900 !important;}.ra_button_69f4d21494456.btn-underlined:after,.ra_button_69f4d21494456.btn-underlined:before{border-color:#ab832c;}.ra_button_69f4d21494456:focus,.ra_button_69f4d21494456:hover{color:#ab832c;}<\/style><a href=\"#informacja\" class=\"btn btn-underlined border-thin fix-v-align ra_button_69f4d21494456\" >\n\t\t\t\t<span>\n\tCzytaj wi\u0119cej\t<\/span>\n<\/a>\n[\/vc_column][vc_column width=&#8221;1\/6&#8243; align=&#8221;text-lg-center text-md-center text-sm-center text-xs-center&#8221;]\n<div class=\"icon-box ra_icon_box_69f4d21494613\"  id=\"ra_icon_box_69f4d21494613\">\n\n\t\t<span class=\"icon-container\"><\/span>\n\t\n\t<div class=\"contents\">\n\t\t\t\t<h3>Administrator ochrony danych<\/h3>\t\t\t\t\t\t\n\t<\/div>\n<\/div>\n<style>.ra_button_69f4d21494749 i{color:#ab832c;font-size:40px;margin-right:30px;}.ra_button_69f4d21494749{color:#ab832c;font-weight:900 !important;}.ra_button_69f4d21494749.btn-underlined:after,.ra_button_69f4d21494749.btn-underlined:before{border-color:#ab832c;}.ra_button_69f4d21494749:focus,.ra_button_69f4d21494749:hover{color:#ab832c;}<\/style><a href=\"#administrator\" class=\"btn btn-underlined border-thin fix-v-align ra_button_69f4d21494749\" >\n\t\t\t\t<span>\n\tCzytaj wi\u0119cej\t<\/span>\n<\/a>\n[\/vc_column][\/vc_row][vc_row full_width=&#8221;stretch_row&#8221; content_placement=&#8221;middle&#8221; parallax=&#8221;content-moving&#8221; css=&#8221;.vc_custom_1531857156807{margin-bottom: 150px !important;}&#8221; el_id=&#8221;rodo&#8221;][vc_column offset=&#8221;vc_col-md-offset-1 vc_col-md-10 vc_col-sm-offset-2&#8243; align=&#8221;text-lg-center text-md-center text-sm-center text-xs-center&#8221;][vc_column_text]<\/p>\n<h1>Co to jest<span style=\"color: #ab832c;\"> RODO?<\/span><\/h1>\n<p>[\/vc_column_text][vc_column_text]25 maja 2018 wesz\u0142o w \u017cycie Rozporz\u0105dzenie Og\u00f3lne o ochronie Danych Osobowych zwane powszechnie RODO. Rozporz\u0105dzenie reguluje przepisy o ochronie danych osobowych dotycz\u0105cych os\u00f3b fizycznych. Nadrz\u0119dnym celem rozporz\u0105dzenia jest zapewnienie bezpiecznej i swobodnej wymiany danych osobowych na terenie UE. Ujednolicenie przepis\u00f3w w zakresie ochrony danych osobowych na terenie UE. Opracowanie i wdro\u017cenie kodeks\u00f3w post\u0119powania dotycz\u0105cych zapewnienia bezpiecze\u0144stwa procesu przetwarzania danych osobowych adekwatnie do istniej\u0105cych zagro\u017ce\u0144 i formu\u0142y przetwarzania.[\/vc_column_text][vc_column_text css=&#8221;.vc_custom_1531855463783{padding-top: 30px !important;padding-right: 30px !important;padding-bottom: 30px !important;padding-left: 30px !important;background-color: #eaeaea !important;}&#8221;]TDM Electronics S.A. przetwarza Pa\u0144stwa dane osobowe w celu realizacji um\u00f3w, zlece\u0144, wykonywania zobowi\u0105za\u0144 prawnych. Proces przetwarzania zosta\u0142 zaprojektowany tak aby zapewni\u0107 bezpiecze\u0144stwo i mo\u017cliwo\u015b\u0107 realizacji praw os\u00f3b, kt\u00f3rych dane dotycz\u0105. W przypadku pyta\u0144 prosimy o kontakt z Administratorem Ochrony Danych Osobowych pod adresem wskazanym w obowi\u0105zku informacyjnym przygotowanym oddzielnie dla ka\u017cdej kategorii osoby, kt\u00f3rej dane przetwarza TDM Electronics S.A.[\/vc_column_text][\/vc_column][\/vc_row][vc_row full_width=&#8221;stretch_row&#8221; content_placement=&#8221;middle&#8221; parallax=&#8221;content-moving&#8221; css=&#8221;.vc_custom_1531857174028{margin-bottom: 150px !important;}&#8221; el_id=&#8221;informacja&#8221;][vc_column offset=&#8221;vc_col-md-offset-1 vc_col-md-10 vc_col-sm-offset-2&#8243; align=&#8221;text-lg-center text-md-center text-sm-center text-xs-center&#8221;][vc_column_text]<\/p>\n<h1>Obowi\u0105zek<span style=\"color: #ab832c;\"> informacyjny<\/span><\/h1>\n<p>[\/vc_column_text][vc_column_text]Zgodnie z artyku\u0142em 13 RODO Administrator jest zobowi\u0105zany do podania informacji w przypadku zbierania danych od osoby, kt\u00f3rej dane dotycz\u0105. Poni\u017cszy obowi\u0105zek TDM Electronics S.A. realizuje dla poszczeg\u00f3lnych kategorii os\u00f3b w postaci za\u0142\u0105cznik\u00f3w pdf.[\/vc_column_text]<style>.ra_button_69f4d214948b2{border-color:!important;}.ra_button_69f4d214948b2:focus,.ra_button_69f4d214948b2:hover{border-color:!important;}<\/style><a href=\"https:\/\/tdm-electronics.com\/wp-content\/uploads\/2018\/09\/RODO_Go\u015bcie.pdf\" class=\"btn btn-solid border-thin ra_button_69f4d214948b2\" >\n\t\t\t\t<span>\n\tGo\u015bcie\t<\/span>\n<\/a>\n<style>.ra_button_69f4d21494a3c{border-color:!important;}.ra_button_69f4d21494a3c:focus,.ra_button_69f4d21494a3c:hover{border-color:!important;}<\/style><a href=\"https:\/\/tdm-electronics.com\/wp-content\/uploads\/2018\/09\/RODO_Kandydacidopracy.pdf\" class=\"btn btn-solid border-thin ra_button_69f4d21494a3c\" >\n\t\t\t\t<span>\n\tKandydaci do pracy\t<\/span>\n<\/a>\n<style>.ra_button_69f4d21494bcc{border-color:!important;}.ra_button_69f4d21494bcc:focus,.ra_button_69f4d21494bcc:hover{border-color:!important;}<\/style><a href=\"https:\/\/tdm-electronics.com\/wp-content\/uploads\/2018\/09\/RODO_Kontrahenci.pdf\" class=\"btn btn-solid border-thin ra_button_69f4d21494bcc\" >\n\t\t\t\t<span>\n\tKontrahenci\t<\/span>\n<\/a>\n[\/vc_column][\/vc_row][vc_row full_width=&#8221;stretch_row&#8221; content_placement=&#8221;middle&#8221; parallax=&#8221;content-moving&#8221; css=&#8221;.vc_custom_1531857183480{margin-bottom: 150px !important;}&#8221; el_id=&#8221;administrator&#8221;][vc_column offset=&#8221;vc_col-md-offset-1 vc_col-md-10 vc_col-sm-offset-2&#8243; align=&#8221;text-lg-center text-md-center text-sm-center text-xs-center&#8221;][vc_column_text]<\/p>\n<h1>Administrator ochrony danych<span style=\"color: #ab832c;\"> osobowych<\/span><\/h1>\n<p>[\/vc_column_text][vc_column_text]<\/p>\n<p style=\"text-align: center;\">Administratorem Twoich danych osobowych jest TDM Electronics S.A., dane kontaktowe:<\/p>\n<p style=\"text-align: center;\"><strong>TDM Electronics S.A.<\/strong><br \/>\nRembert\u00f3w ul. Spokojna 1<br \/>\n05-555 Tarczyn<\/p>\n<h6 style=\"text-align: center;\">tel. (022) 312 43 00 w godzinach od 8:00 \u2013 16:00<br \/>\ne-mail: rodo@tdm-electronics.com<\/h6>\n<p>[\/vc_column_text][\/vc_column][\/vc_row][vc_row full_width=&#8221;stretch_row&#8221; full_height=&#8221;yes&#8221; columns_placement=&#8221;bottom&#8221; enable_responsive_options=&#8221;yes&#8221; fullpage_brightness=&#8221;dark&#8221; css=&#8221;.vc_custom_1527328732650{padding-top: 50px !important;padding-bottom: 0px !important;background-color: #ab832c !important;background-position: center !important;background-repeat: no-repeat !important;background-size: cover !important;}&#8221; fullpage_title=&#8221;Experience&#8221; responsive_css=&#8221;padding_top_tablet:100|padding_top_mobile:100&#8243;][vc_column enable_responsive_options=&#8221;yes&#8221; css=&#8221;.vc_custom_1507541431870{padding-top: 0px !important;}&#8221; responsive_css=&#8221;margin_bottom_desktop:70&#8243;][vc_row_inner el_id=&#8221;experience-column&#8221; css=&#8221;.vc_custom_1527626803167{margin-top: 50px !important;margin-bottom: 0% !important;}&#8221;][vc_column_inner width=&#8221;5\/6&#8243; css_animation=&#8221;bottom-to-top&#8221; offset=&#8221;vc_col-md-offset-2 vc_col-md-8 vc_col-sm-offset-1&#8243;]<style>.ra_section_title_69f4d21494dc0 h2{font-size:60px;border-bottom-color:1.1em;color:#ffffff;line-height:1.1em;}.ra_section_title_69f4d21494dc0 p.subtitle{color:#ffffff;}.ra_section_title_69f4d21494dc0 p{color:#ffffff;}<\/style><header class=\"section-title section-title-default section-title-resolve align-center bottom-title ra_section_title_69f4d21494dc0 vc_custom_1540367393299\" >\n\t<h2 class=\"title\">Do you have any questions ?<\/h2><p>If you have any question do not hesitate to contact us by phone and by e-mail.<br \/>\nSee our facebook profile.<\/p>\n<\/header>[\/vc_column_inner][\/vc_row_inner][vc_row_inner css=&#8221;.vc_custom_1527626648306{margin-bottom: 50px !important;}&#8221;][vc_column_inner align=&#8221;text-lg-center text-md-center text-sm-center text-xs-center&#8221;]<style>.ra_button_69f4d2149564f{background-color:#ffffff;color:#ab832c;border-color:#ffffff !important;font-weight:900 !important;}.ra_button_69f4d2149564f:focus,.ra_button_69f4d2149564f:hover{border-color:!important;color:#ab832c !important;}<\/style><a href=\"https:\/\/tdm-electronics.com\/en\/contact\/\" target=\"_blank\" class=\"btn btn-solid btn-xlg border-none wide text-uppercase ra_button_69f4d2149564f\" >\n\t\t\t\t<span>\n\tContact us\t<\/span>\n<\/a>\n[vc_empty_space]<style>.ra_button_69f4d21495842{background-color:#ffffff;color:#ab832c;border-color:#ffffff !important;font-weight:900 !important;}.ra_button_69f4d21495842:focus,.ra_button_69f4d21495842:hover{border-color:!important;color:#ab832c !important;}<\/style><a href=\"\/wp-content\/uploads\/2018\/07\/FOLDER_TDM_2016.pdf\" target=\"_blank\" class=\"btn btn-solid btn-xlg border-none wide btn-custom text-uppercase ra_button_69f4d21495842\" >\n\t\t\t\t<span>\n\tYou can download our information brochure here.\t<\/span>\n<\/a>\n[\/vc_column_inner][\/vc_row_inner][vc_row_inner][vc_column_inner]<div class=\"cd-google-map contents-style2 ra_google_map_69f4d21495996\" id=\"ra_google_map_69f4d21495996\" style=\"height: 600px\">\n\n\t<div class=\"google-container\" data-plugin-map=\"true\" data-plugin-options='{\"style\":\"ultraLight\",\"address\":\"ul. Spokojna 1, Rembert\\u00f3w<br \\\/>\\n05-555 Tarczyn\",\"marker\":null,\"markers\":null,\"map\":{\"zoom\":14,\"mapTypeId\":\"roadmap\",\"fullscreenControl\":true}}'><\/div>\n\n\t\n<\/div>\n[\/vc_column_inner][\/vc_row_inner][vc_row_inner full_width=&#8221;stretch_row_content&#8221; equal_height=&#8221;yes&#8221; css=&#8221;.vc_custom_1527626069632{margin-top: 10% !important;}&#8221;][vc_column_inner width=&#8221;1\/3&#8243; css=&#8221;.vc_custom_1527625903804{border-top-width: 1px !important;padding-top: 10% !important;padding-right: 20% !important;padding-bottom: 10% !important;padding-left: 20% !important;border-top-color: #97711f !important;border-top-style: solid !important;}&#8221;]<style>.ra_icon_box_69f4d21495b09 .icon-container{color:#ffffff;font-size:35px;}.ra_icon_box_69f4d21495b09 h3{color:#ffffff;font-size:20px;}.ra_icon_box_69f4d21495b09 .contents p{color:rgba(255,255,255,0.5);}<\/style>\n<div class=\"icon-box icon-box-heading-md icon-box-inline ra_icon_box_69f4d21495b09\"  id=\"ra_icon_box_69f4d21495b09\">\n\n\t\t<span class=\"icon-container\"><i class=\"fa fa-map-marker\"><\/i><\/span>\n\t<h3 class=\"weight-semibold\" >Address:<\/h3>\n\t<div class=\"contents\">\n\t\t\t\t\t\t<p>ul. Spokojna 1, Rembert\u00f3w<br \/>\n05-555 Tarczyn k. W-wy<\/p>\n\t\t\t\t\n\t<\/div>\n<\/div>\n[\/vc_column_inner][vc_column_inner width=&#8221;1\/3&#8243; css=&#8221;.vc_custom_1527625916022{border-top-width: 1px !important;border-right-width: 1px !important;border-left-width: 1px !important;padding-top: 10% !important;padding-right: 20% !important;padding-bottom: 10% !important;padding-left: 20% !important;border-left-color: #97711f !important;border-left-style: solid !important;border-right-color: #97711f !important;border-right-style: solid !important;border-top-color: #97711f !important;border-top-style: solid !important;}&#8221;]<style>.ra_icon_box_69f4d21495df4 .icon-container{color:#ffffff;font-size:35px;}.ra_icon_box_69f4d21495df4 h3{color:#ffffff;font-size:20px;}.ra_icon_box_69f4d21495df4 .contents p{color:rgba(255,255,255,0.5);}<\/style>\n<div class=\"icon-box icon-box-heading-md icon-box-inline ra_icon_box_69f4d21495df4\"  id=\"ra_icon_box_69f4d21495df4\">\n\n\t\t<span class=\"icon-container\"><i class=\"fa fa-envelope\"><\/i><\/span>\n\t<h3 class=\"weight-semibold\" >Contact:<\/h3>\n\t<div class=\"contents\">\n\t\t\t\t\t\t<p>Biuro: +48 22 312 43 00<br \/>\nSprzeda\u017c i militaria: + 48 22 727 71 62<\/p>\n\t\t\t\t\n\t<\/div>\n<\/div>\n[\/vc_column_inner][vc_column_inner width=&#8221;1\/3&#8243; css=&#8221;.vc_custom_1527625924458{border-top-width: 1px !important;padding-top: 10% !important;padding-right: 20% !important;padding-bottom: 10% !important;padding-left: 20% !important;border-top-color: #97711f !important;border-top-style: solid !important;}&#8221;]<style>.ra_icon_box_69f4d21496020 .icon-container{color:#ffffff;font-size:35px;}.ra_icon_box_69f4d21496020 h3{color:#ffffff;font-size:20px;}.ra_icon_box_69f4d21496020 .contents p{color:rgba(255,255,255,0.5);}<\/style>\n<div class=\"icon-box icon-box-heading-md icon-box-inline ra_icon_box_69f4d21496020\"  id=\"ra_icon_box_69f4d21496020\">\n\n\t\t<span class=\"icon-container\"><i class=\"fa fa-handshake-o\"><\/i><\/span>\n\t<h3 class=\"weight-semibold\" >Communities:<\/h3>\n\t<div class=\"contents\">\n\t\t\t\t\t\t<p><a style=\"color: #fff\" href=\"https:\/\/www.facebook.com\/TDMElectronics\/\" target=\"_blank\" rel=\"noopener\">Facebook<\/a><\/p>\n\t\t\t\t\n\t<\/div>\n<\/div>\n[\/vc_column_inner][\/vc_row_inner][\/vc_column][\/vc_row]<\/p>\n","protected":false},"excerpt":{"rendered":"<p>[vc_row full_width=&#8221;stretch_row&#8221; full_height=&#8221;yes&#8221; content_placement=&#8221;middle&#8221; css=&#8221;.vc_custom_1531856967925{background-image: url(http:\/\/tdm.grupacreative.pl\/wp-content\/uploads\/2018\/07\/header8.jpg?id=5767) !important;}&#8221;][vc_column width=&#8221;1\/6&#8243; offset=&#8221;vc_col-md-offset-3 vc_col-md-2 vc_col-sm-offset-2&#8243; align=&#8221;text-lg-center text-md-center text-sm-center text-xs-center&#8221;][\/vc_column][vc_column width=&#8221;1\/6&#8243; align=&#8221;text-lg-center text-md-center text-sm-center text-xs-center&#8221;][\/vc_column][vc_column width=&#8221;1\/6&#8243; align=&#8221;text-lg-center text-md-center text-sm-center text-xs-center&#8221;][\/vc_column][\/vc_row][vc_row full_width=&#8221;stretch_row&#8221; content_placement=&#8221;middle&#8221; parallax=&#8221;content-moving&#8221; css=&#8221;.vc_custom_1531857156807{margin-bottom: 150px !important;}&#8221; el_id=&#8221;rodo&#8221;][vc_column offset=&#8221;vc_col-md-offset-1 vc_col-md-10 vc_col-sm-offset-2&#8243; align=&#8221;text-lg-center text-md-center text-sm-center text-xs-center&#8221;][vc_column_text] Co to jest RODO? [\/vc_column_text][vc_column_text]25 maja 2018 wesz\u0142o w \u017cycie Rozporz\u0105dzenie Og\u00f3lne o ochronie Danych Osobowych [&#8230;]<\/p>\n","protected":false},"author":1,"featured_media":0,"parent":0,"menu_order":0,"comment_status":"closed","ping_status":"closed","template":"","meta":[],"yoast_head":"<!-- This site is optimized with the Yoast SEO plugin v19.1 - https:\/\/yoast.com\/wordpress\/plugins\/seo\/ -->\n<title>Rodo<\/title>\n<meta name=\"robots\" content=\"index, follow, max-snippet:-1, max-image-preview:large, max-video-preview:-1\" \/>\n<link rel=\"canonical\" href=\"https:\/\/tdm-electronics.com\/en\/rodo\/\" \/>\n<meta property=\"og:locale\" content=\"en_US\" \/>\n<meta property=\"og:locale:alternate\" content=\"pl_PL\" \/>\n<meta property=\"og:type\" content=\"article\" \/>\n<meta property=\"og:title\" content=\"Rodo\" \/>\n<meta property=\"og:description\" content=\"[vc_row full_width=&#8221;stretch_row&#8221; full_height=&#8221;yes&#8221; content_placement=&#8221;middle&#8221; css=&#8221;.vc_custom_1531856967925{background-image: url(http:\/\/tdm.grupacreative.pl\/wp-content\/uploads\/2018\/07\/header8.jpg?id=5767) !important;}&#8221;][vc_column width=&#8221;1\/6&#8243; offset=&#8221;vc_col-md-offset-3 vc_col-md-2 vc_col-sm-offset-2&#8243; align=&#8221;text-lg-center text-md-center text-sm-center text-xs-center&#8221;][\/vc_column][vc_column width=&#8221;1\/6&#8243; align=&#8221;text-lg-center text-md-center text-sm-center text-xs-center&#8221;][\/vc_column][vc_column width=&#8221;1\/6&#8243; align=&#8221;text-lg-center text-md-center text-sm-center text-xs-center&#8221;][\/vc_column][\/vc_row][vc_row full_width=&#8221;stretch_row&#8221; content_placement=&#8221;middle&#8221; parallax=&#8221;content-moving&#8221; css=&#8221;.vc_custom_1531857156807{margin-bottom: 150px !important;}&#8221; el_id=&#8221;rodo&#8221;][vc_column offset=&#8221;vc_col-md-offset-1 vc_col-md-10 vc_col-sm-offset-2&#8243; align=&#8221;text-lg-center text-md-center text-sm-center text-xs-center&#8221;][vc_column_text] Co to jest RODO? [\/vc_column_text][vc_column_text]25 maja 2018 wesz\u0142o w \u017cycie Rozporz\u0105dzenie Og\u00f3lne o ochronie Danych Osobowych [...]\" \/>\n<meta property=\"og:url\" content=\"https:\/\/tdm-electronics.com\/en\/rodo\/\" \/>\n<meta property=\"og:site_name\" content=\"TDM Electronics\" \/>\n<meta property=\"article:modified_time\" content=\"2022-06-12T15:19:32+00:00\" \/>\n<meta name=\"twitter:card\" content=\"summary_large_image\" \/>\n<meta name=\"twitter:label1\" content=\"Est. reading time\" \/>\n\t<meta name=\"twitter:data1\" content=\"10 minutes\" \/>\n<script type=\"application\/ld+json\" class=\"yoast-schema-graph\">{\"@context\":\"https:\/\/schema.org\",\"@graph\":[{\"@type\":\"WebSite\",\"@id\":\"https:\/\/tdm-electronics.com\/#website\",\"url\":\"https:\/\/tdm-electronics.com\/\",\"name\":\"TDM Electronics\",\"description\":\"demilitaryzacja sprz\u0119tu wojskowego\",\"potentialAction\":[{\"@type\":\"SearchAction\",\"target\":{\"@type\":\"EntryPoint\",\"urlTemplate\":\"https:\/\/tdm-electronics.com\/?s={search_term_string}\"},\"query-input\":\"required name=search_term_string\"}],\"inLanguage\":\"en-US\"},{\"@type\":\"WebPage\",\"@id\":\"https:\/\/tdm-electronics.com\/rodo\/#webpage\",\"url\":\"https:\/\/tdm-electronics.com\/rodo\/\",\"name\":\"Rodo\",\"isPartOf\":{\"@id\":\"https:\/\/tdm-electronics.com\/#website\"},\"datePublished\":\"2018-07-15T18:33:59+00:00\",\"dateModified\":\"2022-06-12T15:19:32+00:00\",\"breadcrumb\":{\"@id\":\"https:\/\/tdm-electronics.com\/rodo\/#breadcrumb\"},\"inLanguage\":\"en-US\",\"potentialAction\":[{\"@type\":\"ReadAction\",\"target\":[\"https:\/\/tdm-electronics.com\/rodo\/\"]}]},{\"@type\":\"BreadcrumbList\",\"@id\":\"https:\/\/tdm-electronics.com\/rodo\/#breadcrumb\",\"itemListElement\":[{\"@type\":\"ListItem\",\"position\":1,\"name\":\"Strona g\u0142\u00f3wna\",\"item\":\"https:\/\/tdm-electronics.com\/en\/\"},{\"@type\":\"ListItem\",\"position\":2,\"name\":\"Rodo\"}]}]}<\/script>\n<!-- \/ Yoast SEO plugin. -->","yoast_head_json":{"title":"Rodo","robots":{"index":"index","follow":"follow","max-snippet":"max-snippet:-1","max-image-preview":"max-image-preview:large","max-video-preview":"max-video-preview:-1"},"canonical":"https:\/\/tdm-electronics.com\/en\/rodo\/","og_locale":"en_US","og_type":"article","og_title":"[:en]Rodo[:pl]Rodo[:] - TDM Electronics","og_description":"[vc_row full_width=&#8221;stretch_row&#8221; full_height=&#8221;yes&#8221; content_placement=&#8221;middle&#8221; css=&#8221;.vc_custom_1531856967925{background-image: url(http:\/\/tdm.grupacreative.pl\/wp-content\/uploads\/2018\/07\/header8.jpg?id=5767) !important;}&#8221;][vc_column width=&#8221;1\/6&#8243; offset=&#8221;vc_col-md-offset-3 vc_col-md-2 vc_col-sm-offset-2&#8243; align=&#8221;text-lg-center text-md-center text-sm-center text-xs-center&#8221;][\/vc_column][vc_column width=&#8221;1\/6&#8243; align=&#8221;text-lg-center text-md-center text-sm-center text-xs-center&#8221;][\/vc_column][vc_column width=&#8221;1\/6&#8243; align=&#8221;text-lg-center text-md-center text-sm-center text-xs-center&#8221;][\/vc_column][\/vc_row][vc_row full_width=&#8221;stretch_row&#8221; content_placement=&#8221;middle&#8221; parallax=&#8221;content-moving&#8221; css=&#8221;.vc_custom_1531857156807{margin-bottom: 150px !important;}&#8221; el_id=&#8221;rodo&#8221;][vc_column offset=&#8221;vc_col-md-offset-1 vc_col-md-10 vc_col-sm-offset-2&#8243; align=&#8221;text-lg-center text-md-center text-sm-center text-xs-center&#8221;][vc_column_text] Co to jest RODO? [\/vc_column_text][vc_column_text]25 maja 2018 wesz\u0142o w \u017cycie Rozporz\u0105dzenie Og\u00f3lne o ochronie Danych Osobowych [...]","og_url":"https:\/\/tdm-electronics.com\/en\/rodo\/","og_site_name":"TDM Electronics","article_modified_time":"2022-06-12T15:19:32+00:00","twitter_card":"summary_large_image","twitter_misc":{"Est. reading time":"10 minutes"},"schema":{"@context":"https:\/\/schema.org","@graph":[{"@type":"WebSite","@id":"https:\/\/tdm-electronics.com\/#website","url":"https:\/\/tdm-electronics.com\/","name":"TDM Electronics","description":"demilitaryzacja sprz\u0119tu wojskowego","potentialAction":[{"@type":"SearchAction","target":{"@type":"EntryPoint","urlTemplate":"https:\/\/tdm-electronics.com\/?s={search_term_string}"},"query-input":"required name=search_term_string"}],"inLanguage":"en-US"},{"@type":"WebPage","@id":"https:\/\/tdm-electronics.com\/rodo\/#webpage","url":"https:\/\/tdm-electronics.com\/rodo\/","name":"Rodo","isPartOf":{"@id":"https:\/\/tdm-electronics.com\/#website"},"datePublished":"2018-07-15T18:33:59+00:00","dateModified":"2022-06-12T15:19:32+00:00","breadcrumb":{"@id":"https:\/\/tdm-electronics.com\/rodo\/#breadcrumb"},"inLanguage":"en-US","potentialAction":[{"@type":"ReadAction","target":["https:\/\/tdm-electronics.com\/rodo\/"]}]},{"@type":"BreadcrumbList","@id":"https:\/\/tdm-electronics.com\/rodo\/#breadcrumb","itemListElement":[{"@type":"ListItem","position":1,"name":"Strona g\u0142\u00f3wna","item":"https:\/\/tdm-electronics.com\/en\/"},{"@type":"ListItem","position":2,"name":"Rodo"}]}]}},"_links":{"self":[{"href":"https:\/\/tdm-electronics.com\/en\/wp-json\/wp\/v2\/pages\/5690"}],"collection":[{"href":"https:\/\/tdm-electronics.com\/en\/wp-json\/wp\/v2\/pages"}],"about":[{"href":"https:\/\/tdm-electronics.com\/en\/wp-json\/wp\/v2\/types\/page"}],"author":[{"embeddable":true,"href":"https:\/\/tdm-electronics.com\/en\/wp-json\/wp\/v2\/users\/1"}],"replies":[{"embeddable":true,"href":"https:\/\/tdm-electronics.com\/en\/wp-json\/wp\/v2\/comments?post=5690"}],"version-history":[{"count":21,"href":"https:\/\/tdm-electronics.com\/en\/wp-json\/wp\/v2\/pages\/5690\/revisions"}],"predecessor-version":[{"id":6436,"href":"https:\/\/tdm-electronics.com\/en\/wp-json\/wp\/v2\/pages\/5690\/revisions\/6436"}],"wp:attachment":[{"href":"https:\/\/tdm-electronics.com\/en\/wp-json\/wp\/v2\/media?parent=5690"}],"curies":[{"name":"wp","href":"https:\/\/api.w.org\/{rel}","templated":true}]}}